{"id":437,"date":"2024-07-10T11:54:02","date_gmt":"2024-07-10T09:54:02","guid":{"rendered":"http:\/\/192.250.229.63\/~infocentar1\/?page_id=437"},"modified":"2024-07-18T11:01:45","modified_gmt":"2024-07-18T09:01:45","slug":"dostava-na-kucnu-adresu","status":"publish","type":"page","link":"https:\/\/info-centar.net\/index.php\/dostava-na-kucnu-adresu\/","title":{"rendered":"Dostava na ku\u0107nu adresu"},"content":{"rendered":"\t\t<div data-elementor-type=\"wp-page\" data-elementor-id=\"437\" class=\"elementor elementor-437\" data-elementor-post-type=\"page\">\n\t\t\t\t\t\t<section class=\"elementor-section elementor-top-section elementor-element elementor-element-227ee69c elementor-section-boxed elementor-section-height-default elementor-section-height-default\" data-id=\"227ee69c\" data-element_type=\"section\" data-e-type=\"section\" data-settings=\"{&quot;background_background&quot;:&quot;classic&quot;}\">\n\t\t\t\t\t\t\t<div class=\"elementor-background-overlay\"><\/div>\n\t\t\t\t\t\t\t<div class=\"elementor-container elementor-column-gap-default\">\n\t\t\t\t\t<div class=\"elementor-column elementor-col-100 elementor-top-column elementor-element elementor-element-8c1cbb0 elementor-invisible\" data-id=\"8c1cbb0\" data-element_type=\"column\" data-e-type=\"column\" data-settings=\"{&quot;animation&quot;:&quot;fadeIn&quot;,&quot;animation_delay&quot;:200}\">\n\t\t\t<div class=\"elementor-widget-wrap elementor-element-populated\">\n\t\t\t\t\t\t<div class=\"elementor-element elementor-element-5e996e7b elementor-widget elementor-widget-heading\" data-id=\"5e996e7b\" data-element_type=\"widget\" data-e-type=\"widget\" data-widget_type=\"heading.default\">\n\t\t\t\t<div class=\"elementor-widget-container\">\n\t\t\t\t\t<h2 class=\"elementor-heading-title elementor-size-default\">Prodaja<\/h2>\t\t\t\t<\/div>\n\t\t\t\t<\/div>\n\t\t\t\t<div class=\"elementor-element elementor-element-433d3c4b elementor-widget elementor-widget-text-editor\" data-id=\"433d3c4b\" data-element_type=\"widget\" data-e-type=\"widget\" data-widget_type=\"text-editor.default\">\n\t\t\t\t<div class=\"elementor-widget-container\">\n\t\t\t\t\t\t\t\t\t<p>Prodaja je proces u kojem se proizvodi ili usluge nude potro\u0161a\u010dima radi ostvarivanja profita. Uklju\u010duje identifikaciju potencijalnih kupaca, promociju proizvoda ili usluga te zavr\u0161avanje transakcije. Efikasna prodaja zahtijeva dobro razvijene strategije marketinga i prodaje koje privla\u010de i zadr\u017eavaju kupce. Analiza tr\u017ei\u0161ta i pra\u0107enje trendova klju\u010dni su za uspje\u0161nu prodaju proizvoda ili usluga. Kvalitetna podr\u0161ka kupcima nakon prodaje mo\u017ee dodatno pobolj\u0161ati zadovoljstvo kupaca i lojalnost prema brendu.<\/p>\t\t\t\t\t\t\t\t<\/div>\n\t\t\t\t<\/div>\n\t\t\t\t\t<\/div>\n\t\t<\/div>\n\t\t\t\t\t<\/div>\n\t\t<\/section>\n\t\t\t\t<section class=\"elementor-section elementor-top-section elementor-element elementor-element-3c9eb32b elementor-section-boxed elementor-section-height-default elementor-section-height-default\" data-id=\"3c9eb32b\" data-element_type=\"section\" data-e-type=\"section\">\n\t\t\t\t\t\t<div class=\"elementor-container elementor-column-gap-default\">\n\t\t\t\t\t<div class=\"elementor-column elementor-col-100 elementor-top-column elementor-element elementor-element-6b44f02c\" data-id=\"6b44f02c\" data-element_type=\"column\" data-e-type=\"column\">\n\t\t\t<div class=\"elementor-widget-wrap elementor-element-populated\">\n\t\t\t\t\t\t<section class=\"elementor-section elementor-inner-section elementor-element elementor-element-b5e59af elementor-section-boxed elementor-section-height-default elementor-section-height-default\" data-id=\"b5e59af\" data-element_type=\"section\" data-e-type=\"section\">\n\t\t\t\t\t\t<div class=\"elementor-container elementor-column-gap-default\">\n\t\t\t<a class=\"eael-wrapper-link-0b94ef3 --eael-wrapper-link-tag\" href=\"https:\/\/info-centar.net\/index.php\/nacin-placanja\/\"><\/a>\t\t<div data-eael-wrapper-link=\"eael-wrapper-link-0b94ef3\" class=\"elementor-column elementor-col-50 elementor-inner-column elementor-element elementor-element-0b94ef3 elementor-invisible\" data-id=\"0b94ef3\" data-element_type=\"column\" data-e-type=\"column\" data-settings=\"{&quot;background_background&quot;:&quot;classic&quot;,&quot;animation&quot;:&quot;fadeInUp&quot;}\">\n\t\t\t<div class=\"elementor-widget-wrap elementor-element-populated\">\n\t\t\t\t\t\t<div class=\"elementor-element elementor-element-27b49b3 elementor-view-default elementor-position-block-start elementor-mobile-position-block-start elementor-widget elementor-widget-icon-box\" data-id=\"27b49b3\" data-element_type=\"widget\" data-e-type=\"widget\" data-widget_type=\"icon-box.default\">\n\t\t\t\t<div class=\"elementor-widget-container\">\n\t\t\t\t\t\t\t<div class=\"elementor-icon-box-wrapper\">\n\n\t\t\t\t\t\t<div class=\"elementor-icon-box-icon\">\n\t\t\t\t<span  class=\"elementor-icon\">\n\t\t\t\t<i aria-hidden=\"true\" class=\"icon icon-money-bag3\"><\/i>\t\t\t\t<\/span>\n\t\t\t<\/div>\n\t\t\t\n\t\t\t\t\t\t<div class=\"elementor-icon-box-content\">\n\n\t\t\t\t\t\t\t\t\t<h4 class=\"elementor-icon-box-title\">\n\t\t\t\t\t\t<span  >\n\t\t\t\t\t\t\tNA\u010cIN PLA\u0106ANJA\t\t\t\t\t\t<\/span>\n\t\t\t\t\t<\/h4>\n\t\t\t\t\n\t\t\t\t\t\t\t\t\t<p class=\"elementor-icon-box-description\">\n\t\t\t\t\t\tVelit eget ridiculus dolor curabitur auctor nec consequat risus dignissim bibendum tortor\t\t\t\t\t<\/p>\n\t\t\t\t\n\t\t\t<\/div>\n\t\t\t\n\t\t<\/div>\n\t\t\t\t\t\t<\/div>\n\t\t\t\t<\/div>\n\t\t\t\t\t<\/div>\n\t\t<\/div>\n\t\t<a class=\"eael-wrapper-link-22c28a1 --eael-wrapper-link-tag\" href=\"https:\/\/info-centar.net\/index.php\/dostava-na-kucnu-adresu\/\"><\/a>\t\t<div data-eael-wrapper-link=\"eael-wrapper-link-22c28a1\" class=\"elementor-column elementor-col-50 elementor-inner-column elementor-element elementor-element-22c28a1 elementor-invisible\" data-id=\"22c28a1\" data-element_type=\"column\" data-e-type=\"column\" data-settings=\"{&quot;background_background&quot;:&quot;classic&quot;,&quot;animation&quot;:&quot;fadeInUp&quot;,&quot;animation_delay&quot;:400}\">\n\t\t\t<div class=\"elementor-widget-wrap elementor-element-populated\">\n\t\t\t\t\t\t<div class=\"elementor-element elementor-element-35dabc6 elementor-view-default elementor-position-block-start elementor-mobile-position-block-start elementor-widget elementor-widget-icon-box\" data-id=\"35dabc6\" data-element_type=\"widget\" data-e-type=\"widget\" data-widget_type=\"icon-box.default\">\n\t\t\t\t<div class=\"elementor-widget-container\">\n\t\t\t\t\t\t\t<div class=\"elementor-icon-box-wrapper\">\n\n\t\t\t\t\t\t<div class=\"elementor-icon-box-icon\">\n\t\t\t\t<span  class=\"elementor-icon\">\n\t\t\t\t<i aria-hidden=\"true\" class=\"material-icons md-delivery_dining\" data-md-icon=\"delivery_dining\"><\/i>\t\t\t\t<\/span>\n\t\t\t<\/div>\n\t\t\t\n\t\t\t\t\t\t<div class=\"elementor-icon-box-content\">\n\n\t\t\t\t\t\t\t\t\t<h4 class=\"elementor-icon-box-title\">\n\t\t\t\t\t\t<span  >\n\t\t\t\t\t\t\tDOSTAVA NA KU\u0106NU ADRESU\t\t\t\t\t\t<\/span>\n\t\t\t\t\t<\/h4>\n\t\t\t\t\n\t\t\t\t\t\t\t\t\t<p class=\"elementor-icon-box-description\">\n\t\t\t\t\t\tVelit eget ridiculus dolor curabitur auctor nec consequat risus dignissim bibendum tortor\t\t\t\t\t<\/p>\n\t\t\t\t\n\t\t\t<\/div>\n\t\t\t\n\t\t<\/div>\n\t\t\t\t\t\t<\/div>\n\t\t\t\t<\/div>\n\t\t\t\t\t<\/div>\n\t\t<\/div>\n\t\t\t\t\t<\/div>\n\t\t<\/section>\n\t\t\t\t\t<\/div>\n\t\t<\/div>\n\t\t\t\t\t<\/div>\n\t\t<\/section>\n\t\t\t\t<section class=\"elementor-section elementor-top-section elementor-element elementor-element-9c515d6 elementor-section-boxed elementor-section-height-default elementor-section-height-default\" data-id=\"9c515d6\" data-element_type=\"section\" data-e-type=\"section\" data-settings=\"{&quot;background_background&quot;:&quot;classic&quot;}\">\n\t\t\t\t\t\t<div class=\"elementor-container elementor-column-gap-default\">\n\t\t\t\t\t<div class=\"elementor-column elementor-col-100 elementor-top-column elementor-element elementor-element-d15e1bf elementor-invisible\" data-id=\"d15e1bf\" data-element_type=\"column\" data-e-type=\"column\" data-settings=\"{&quot;animation&quot;:&quot;fadeIn&quot;,&quot;animation_delay&quot;:200}\">\n\t\t\t<div class=\"elementor-widget-wrap elementor-element-populated\">\n\t\t\t\t\t\t<div class=\"elementor-element elementor-element-4120301 elementor-widget elementor-widget-heading\" data-id=\"4120301\" data-element_type=\"widget\" data-e-type=\"widget\" data-widget_type=\"heading.default\">\n\t\t\t\t<div class=\"elementor-widget-container\">\n\t\t\t\t\t<h3 class=\"elementor-heading-title elementor-size-default\">DOSTAVA NA KU\u0106NU ADRESU<\/h3>\t\t\t\t<\/div>\n\t\t\t\t<\/div>\n\t\t\t\t<div class=\"elementor-element elementor-element-245b2f6 elementor-widget elementor-widget-text-editor\" data-id=\"245b2f6\" data-element_type=\"widget\" data-e-type=\"widget\" data-widget_type=\"text-editor.default\">\n\t\t\t\t<div class=\"elementor-widget-container\">\n\t\t\t\t\t\t\t\t\t<p>Dostava je mogu\u0107a na teritoriji cijele BiH po cijeni od\u00a0<strong>10KM<\/strong>\u00a0po narud\u017ebi, za narudzbe ve\u0107e od 200KM dostava je besplatna. Dostavna slu\u017eba isporuku vr\u0161i u roku od\u00a0<strong>24 sata<\/strong>\u00a0od preuzimanja po\u0161iljke.<\/p><p>Dostava se vr\u0161i do ulaza u stambeni objekt. Ukoliko se radi o stambenoj zgradi, dostavlja\u010d nije du\u017ean nositi robu do sprata na kojem se nalazi kupac, ve\u0107 do ulaza u zgradu<\/p>\t\t\t\t\t\t\t\t<\/div>\n\t\t\t\t<\/div>\n\t\t\t\t<div class=\"elementor-element elementor-element-a83da59 elementor-widget elementor-widget-heading\" data-id=\"a83da59\" data-element_type=\"widget\" data-e-type=\"widget\" data-widget_type=\"heading.default\">\n\t\t\t\t<div class=\"elementor-widget-container\">\n\t\t\t\t\t<h3 class=\"elementor-heading-title elementor-size-default\">Uslovi za povrat PDV-a stranim dr\u017eavljanima<\/h3>\t\t\t\t<\/div>\n\t\t\t\t<\/div>\n\t\t\t\t<div class=\"elementor-element elementor-element-afb3c64 elementor-widget elementor-widget-text-editor\" data-id=\"afb3c64\" data-element_type=\"widget\" data-e-type=\"widget\" data-widget_type=\"text-editor.default\">\n\t\t\t\t<div class=\"elementor-widget-container\">\n\t\t\t\t\t\t\t\t\t<p>Potrebno je:<\/p><ul><li><strong>SL2 obrazac<\/strong>\u00a0koji kupac dobija prilikom pla\u0107anja robe u prodavnici u\u00a0<em>tri primjerka<\/em>,<\/li><li><strong>li\u010dna karta<\/strong>\u00a0ili paso\u0161 od kupca.<\/li><\/ul><p>Prilikom kupovine robe, kupac pla\u0107a iznos u cjelosti, tj, sa pdv-om kupac je obavezan da prilikom prelaska granice tj. izlaska iz na\u0161e zemlje ovjeri SL2 obrazac na BiH carini.<\/p><p>Iznos ra\u010duna za povrat PDV-a ne smije biti manji od 100 KM. U periodu 90 dana od kreiranja ra\u010duna, kupac je du\u017ean dostaviti jedan primjerak ovjerenog SL2 obrazca od strane BiH carine da bi ostvario uslove za povrat novca za cjelokupni iznos PDV-a.<\/p>\t\t\t\t\t\t\t\t<\/div>\n\t\t\t\t<\/div>\n\t\t\t\t\t<\/div>\n\t\t<\/div>\n\t\t\t\t\t<\/div>\n\t\t<\/section>\n\t\t\t\t<\/div>\n\t\t","protected":false},"excerpt":{"rendered":"<p>Prodaja Prodaja je proces u kojem se proizvodi ili usluge nude potro\u0161a\u010dima radi ostvarivanja profita. Uklju\u010duje identifikaciju potencijalnih kupaca, promociju proizvoda ili usluga te zavr\u0161avanje transakcije. Efikasna prodaja zahtijeva dobro razvijene strategije marketinga i prodaje koje privla\u010de i zadr\u017eavaju kupce. Analiza tr\u017ei\u0161ta i pra\u0107enje trendova klju\u010dni su za uspje\u0161nu prodaju proizvoda ili usluga. Kvalitetna podr\u0161ka [&hellip;]<\/p>\n","protected":false},"author":2,"featured_media":0,"parent":0,"menu_order":0,"comment_status":"closed","ping_status":"closed","template":"","meta":{"footnotes":""},"class_list":["post-437","page","type-page","status-publish","hentry"],"_links":{"self":[{"href":"https:\/\/info-centar.net\/index.php\/wp-json\/wp\/v2\/pages\/437","targetHints":{"allow":["GET"]}}],"collection":[{"href":"https:\/\/info-centar.net\/index.php\/wp-json\/wp\/v2\/pages"}],"about":[{"href":"https:\/\/info-centar.net\/index.php\/wp-json\/wp\/v2\/types\/page"}],"author":[{"embeddable":true,"href":"https:\/\/info-centar.net\/index.php\/wp-json\/wp\/v2\/users\/2"}],"replies":[{"embeddable":true,"href":"https:\/\/info-centar.net\/index.php\/wp-json\/wp\/v2\/comments?post=437"}],"version-history":[{"count":25,"href":"https:\/\/info-centar.net\/index.php\/wp-json\/wp\/v2\/pages\/437\/revisions"}],"predecessor-version":[{"id":1939,"href":"https:\/\/info-centar.net\/index.php\/wp-json\/wp\/v2\/pages\/437\/revisions\/1939"}],"wp:attachment":[{"href":"https:\/\/info-centar.net\/index.php\/wp-json\/wp\/v2\/media?parent=437"}],"curies":[{"name":"wp","href":"https:\/\/api.w.org\/{rel}","templated":true}]}}